{"id":1348,"date":"2026-01-29T16:10:06","date_gmt":"2026-01-29T16:10:06","guid":{"rendered":"https:\/\/restaurant-ischia.com\/?page_id=1348"},"modified":"2026-02-10T14:08:19","modified_gmt":"2026-02-10T14:08:19","slug":"reservation-groupes-et-evenements","status":"publish","type":"page","link":"https:\/\/restaurant-ischia.com\/it\/reservation-groupes-et-evenements\/","title":{"rendered":"R\u00e9s\u00e8rvation Groupes et \u00e9v\u00e8nements"},"content":{"rendered":"<p>[et_pb_section fb_built=&#8221;1&#8243; _builder_version=&#8221;4.27.5&#8243; _module_preset=&#8221;default&#8221; background_color=&#8221;#f9ece8&#8243; custom_margin=&#8221;0px||-150px||false|false&#8221; custom_padding=&#8221;100px||||false|false&#8221; global_colors_info=&#8221;{}&#8221;][et_pb_row _builder_version=&#8221;4.27.5&#8243; _module_preset=&#8221;default&#8221; global_colors_info=&#8221;{}&#8221;][et_pb_column type=&#8221;4_4&#8243; _builder_version=&#8221;4.27.5&#8243; _module_preset=&#8221;default&#8221; global_colors_info=&#8221;{}&#8221;][et_pb_text _builder_version=&#8221;4.27.5&#8243; _module_preset=&#8221;default&#8221; text_font=&#8221;Courgette||||||||&#8221; text_orientation=&#8221;center&#8221; global_colors_info=&#8221;{}&#8221;]<\/p>\n<h1 class=\"carousel__body--title h2\">R\u00e9servation groupes et \u00e9v\u00e8nements<\/h1>\n<p>[\/et_pb_text][et_pb_text _builder_version=&#8221;4.27.5&#8243; _module_preset=&#8221;default&#8221; text_font=&#8221;Prata||||||||&#8221; global_colors_info=&#8221;{}&#8221;]<\/p>\n<p>Pour vos \u00e9v\u00e8nements priv\u00e9s ou d&#8217;entreprise de plus de 12 convives, nous vous r\u00e9servons des formules sp\u00e9ciales et sur mesure pour r\u00e9pondre au mieux \u00e0 vos envies.<\/p>\n<p><strong>Pout \u00eatre recontact\u00e9 veuillez remplir ce formulaire:<\/strong><\/p>\n<p>[\/et_pb_text][\/et_pb_column][\/et_pb_row][\/et_pb_section][et_pb_section fb_built=&#8221;1&#8243; _builder_version=&#8221;4.27.5&#8243; _module_preset=&#8221;default&#8221; background_color=&#8221;#f9ece8&#8243; global_colors_info=&#8221;{}&#8221;][et_pb_row _builder_version=&#8221;4.27.5&#8243; _module_preset=&#8221;default&#8221; global_colors_info=&#8221;{}&#8221;][et_pb_column type=&#8221;4_4&#8243; _builder_version=&#8221;4.27.5&#8243; _module_preset=&#8221;default&#8221; global_colors_info=&#8221;{}&#8221;][et_pb_code _builder_version=&#8221;4.27.5&#8243; _module_preset=&#8221;default&#8221; global_colors_info=&#8221;{}&#8221;]<style id=\"wpforms-css-vars-1343\">\n\t\t\t\t#wpforms-1343 {\n\t\t\t\t--wpforms-field-border-color: rgba(0, 0, 0, 0.25);\n--wpforms-field-border-color-spare: rgba(0, 0, 0, 0.25);\n--wpforms-field-text-color: rgba(0, 0, 0, 0.7);\n--wpforms-label-color: #cf6f63;\n--wpforms-label-sublabel-color: #cf6f63;\n--wpforms-button-border-radius: 10px;\n--wpforms-button-background-color: #cf6f63;\n--wpforms-container-padding: 0px;\n--wpforms-container-border-width: 1px;\n--wpforms-container-border-radius: 3px;\n--wpforms-background-color: rgba(0, 0, 0, 0);\n--wpforms-field-size-input-height: 43px;\n--wpforms-field-size-input-spacing: 15px;\n--wpforms-field-size-font-size: 16px;\n--wpforms-field-size-line-height: 19px;\n--wpforms-field-size-padding-h: 14px;\n--wpforms-field-size-checkbox-size: 16px;\n--wpforms-field-size-sublabel-spacing: 5px;\n--wpforms-field-size-icon-size: 1;\n--wpforms-label-size-font-size: 14px;\n--wpforms-label-size-line-height: 17px;\n--wpforms-label-size-sublabel-font-size: 13px;\n--wpforms-label-size-sublabel-line-height: 16px;\n--wpforms-button-size-font-size: 14px;\n--wpforms-button-size-height: 37px;\n--wpforms-button-size-padding-h: 15px;\n--wpforms-button-size-margin-top: 5px;\n--wpforms-container-shadow-size-box-shadow: none;\n\t\t\t}\n\t\t\t<\/style><div class=\"wpforms-container wpforms-container-full wpforms-render-modern\" id=\"wpforms-1343\"><form id=\"wpforms-form-1343\" class=\"wpforms-validate wpforms-form wpforms-ajax-form\" data-formid=\"1343\" method=\"post\" enctype=\"multipart\/form-data\" action=\"\/it\/wp-json\/wp\/v2\/pages\/1348\" data-token=\"cbfc7826f0005f58f813983eedda01eb\" data-token-time=\"1777556106\" data-trp-original-action=\"\/it\/wp-json\/wp\/v2\/pages\/1348\"><noscript class=\"wpforms-error-noscript\">Abilita JavaScript nel browser per completare questo modulo.<\/noscript><div id=\"wpforms-error-noscript\" style=\"display: none;\">Abilita JavaScript nel browser per completare questo modulo.<\/div><div class=\"wpforms-field-container\"><div id=\"wpforms-1343-field_1-container\" class=\"wpforms-field wpforms-field-name\" data-field-id=\"1\"><fieldset><legend class=\"wpforms-field-label\">Nom <span class=\"wpforms-required-label\" aria-hidden=\"true\">*<\/span><\/legend><div class=\"wpforms-field-row wpforms-field-medium\"><div class=\"wpforms-field-row-block wpforms-first wpforms-one-half\"><input type=\"text\" id=\"wpforms-1343-field_1\" class=\"wpforms-field-name-first wpforms-field-required\" name=\"wpforms[fields][1][first]\" placeholder=\"Pr\u00e9nom\" aria-errormessage=\"wpforms-1343-field_1-error\" required><label for=\"wpforms-1343-field_1\" class=\"wpforms-field-sublabel after wpforms-sublabel-hide\">Nome<\/label><\/div><div class=\"wpforms-field-row-block wpforms-one-half\"><input type=\"text\" id=\"wpforms-1343-field_1-last\" class=\"wpforms-field-name-last wpforms-field-required\" name=\"wpforms[fields][1][last]\" placeholder=\"Nom de famille\" aria-errormessage=\"wpforms-1343-field_1-last-error\" required><label for=\"wpforms-1343-field_1-last\" class=\"wpforms-field-sublabel after wpforms-sublabel-hide\">Cognome<\/label><\/div><\/div><\/fieldset><\/div><div id=\"wpforms-1343-field_2-container\" class=\"wpforms-field wpforms-field-email\" data-field-id=\"2\"><label class=\"wpforms-field-label\" for=\"wpforms-1343-field_2\">Email <span class=\"wpforms-required-label\" aria-hidden=\"true\">*<\/span><\/label><input type=\"email\" id=\"wpforms-1343-field_2\" class=\"wpforms-field-medium wpforms-field-required\" name=\"wpforms[fields][2]\" spellcheck=\"false\" aria-errormessage=\"wpforms-1343-field_2-error\" required><\/div><div id=\"wpforms-1343-field_8-container\" class=\"wpforms-field wpforms-field-text\" data-field-id=\"8\"><label class=\"wpforms-field-label\" for=\"wpforms-1343-field_8\">T\u00e9l\u00e9phone <span class=\"wpforms-required-label\" aria-hidden=\"true\">*<\/span><\/label><input type=\"text\" id=\"wpforms-1343-field_8\" class=\"wpforms-field-medium wpforms-field-required\" name=\"wpforms[fields][8]\" aria-errormessage=\"wpforms-1343-field_8-error\" required><\/div><div id=\"wpforms-1343-field_3-container\" class=\"wpforms-field wpforms-field-select wpforms-field-select-style-classic\" data-field-id=\"3\"><label class=\"wpforms-field-label\" for=\"wpforms-1343-field_3\">Type d&#039;\u00e9v\u00e8nement <span class=\"wpforms-required-label\" aria-hidden=\"true\">*<\/span><\/label><select id=\"wpforms-1343-field_3\" class=\"wpforms-field-medium wpforms-field-required\" name=\"wpforms[fields][3]\" required=\"required\"><option value=\"\" class=\"placeholder\" disabled selected='selected'>S\u00e9lectionner un option<\/option><option value=\"D\u00e9jeuner\"  class=\"choice-1 depth-1\"  >D\u00e9jeuner<\/option><option value=\"Diner\"  class=\"choice-2 depth-1\"  >Diner<\/option><option value=\"Cocktail d\u00e9jeunatoire\"  class=\"choice-3 depth-1\"  >Cocktail d\u00e9jeunatoire<\/option><option value=\"Cocktail dinatoire\"  class=\"choice-4 depth-1\"  >Cocktail dinatoire<\/option><option value=\"Batlle Top Chef\"  class=\"choice-5 depth-1\"  >Batlle Top Chef<\/option><option value=\"Autres\"  class=\"choice-6 depth-1\"  >Autres<\/option><\/select><\/div><div id=\"wpforms-1343-field_9-container\" class=\"wpforms-field wpforms-field-text\" data-field-id=\"9\"><label class=\"wpforms-field-label\" for=\"wpforms-1343-field_9\">Date<\/label><input type=\"text\" id=\"wpforms-1343-field_9\" class=\"wpforms-field-medium\" name=\"wpforms[fields][9]\" aria-errormessage=\"wpforms-1343-field_9-error\" ><\/div><div id=\"wpforms-1343-field_6-container\" class=\"wpforms-field wpforms-field-number\" data-field-id=\"6\"><label class=\"wpforms-field-label\" for=\"wpforms-1343-field_6\">Nombre de couverts estim\u00e9s <span class=\"wpforms-required-label\" aria-hidden=\"true\">*<\/span><\/label><input type=\"number\" id=\"wpforms-1343-field_6\" class=\"wpforms-field-medium wpforms-field-required\" name=\"wpforms[fields][6]\" step=\"any\" aria-errormessage=\"wpforms-1343-field_6-error\" required><\/div>\t\t<div id=\"wpforms-1343-field_5-container\"\n\t\t\tclass=\"wpforms-field wpforms-field-text\"\n\t\t\tdata-field-type=\"text\"\n\t\t\tdata-field-id=\"5\"\n\t\t\t>\n\t\t\t<label class=\"wpforms-field-label\" for=\"wpforms-1343-field_5\" >de couverts Nombre<\/label>\n\t\t\t<input type=\"text\" id=\"wpforms-1343-field_5\" class=\"wpforms-field-medium\" name=\"wpforms[fields][5]\" >\n\t\t<\/div>\n\t\t<div id=\"wpforms-1343-field_4-container\" class=\"wpforms-field wpforms-field-textarea\" data-field-id=\"4\"><label class=\"wpforms-field-label\" for=\"wpforms-1343-field_4\">Commentaire (facultatif)<\/label><textarea id=\"wpforms-1343-field_4\" class=\"wpforms-field-medium wpforms-limit-words-enabled\" data-form-id=\"1343\" data-field-id=\"4\" data-text-limit=\"1000\" name=\"wpforms[fields][4]\" aria-errormessage=\"wpforms-1343-field_4-error\" ><\/textarea><\/div><script>\n\t\t\t\t( function() {\n\t\t\t\t\tconst style = document.createElement( 'style' );\n\t\t\t\t\tstyle.appendChild( document.createTextNode( '#wpforms-1343-field_5-container { position: absolute !important; overflow: hidden !important; display: inline !important; height: 1px !important; width: 1px !important; z-index: -1000 !important; padding: 0 !important; } #wpforms-1343-field_5-container input { visibility: hidden; } #wpforms-conversational-form-page #wpforms-1343-field_5-container label { counter-increment: none; }' ) );\n\t\t\t\t\tdocument.head.appendChild( style );\n\t\t\t\t\tdocument.currentScript?.remove();\n\t\t\t\t} )();\n\t\t\t<\/script><\/div><!-- .wpforms-field-container --><div class=\"wpforms-recaptcha-container wpforms-is-recaptcha wpforms-is-recaptcha-type-v3\" ><input type=\"hidden\" name=\"wpforms[recaptcha]\" value=\"\"><\/div><div class=\"wpforms-submit-container\" ><input type=\"hidden\" name=\"wpforms[id]\" value=\"1343\"><input type=\"hidden\" name=\"page_title\" value=\"\"><input type=\"hidden\" name=\"page_url\" value=\"https:\/\/restaurant-ischia.com\/it\/wp-json\/wp\/v2\/pages\/1348\"><input type=\"hidden\" name=\"url_referer\" value=\"\"><button type=\"submit\" name=\"wpforms[submit]\" id=\"wpforms-submit-1343\" class=\"wpforms-submit\" data-alt-text=\"Envoi....\" data-submit-text=\"Envoyer ma demande\" aria-live=\"assertive\" value=\"wpforms-submit\">Envoyer ma demande<\/button><img loading=\"lazy\" decoding=\"async\" src=\"https:\/\/restaurant-ischia.com\/wp-content\/plugins\/wpforms-lite\/assets\/images\/submit-spin.svg\" class=\"wpforms-submit-spinner\" style=\"display: none;\" width=\"26\" height=\"26\" alt=\"Caricamento\"><\/div><input type=\"hidden\" name=\"trp-form-language\" value=\"it\"\/><\/form><\/div>  <!-- .wpforms-container -->[\/et_pb_code][\/et_pb_column][\/et_pb_row][\/et_pb_section]<\/p>","protected":false},"excerpt":{"rendered":"<p>R\u00e9servation groupes et \u00e9v\u00e8nementsPour vos \u00e9v\u00e8nements priv\u00e9s ou d&#8217;entreprise de plus de 12 convives, nous vous r\u00e9servons des formules sp\u00e9ciales et sur mesure pour r\u00e9pondre au mieux \u00e0 vos envies. Pout \u00eatre recontact\u00e9 veuillez remplir ce formulaire:<style id=\"wpforms-css-vars-1343\">\n\t\t\t\t#wpforms-1343 {\n\t\t\t\t--wpforms-field-border-color: rgba(0, 0, 0, 0.25);\n--wpforms-field-border-color-spare: rgba(0, 0, 0, 0.25);\n--wpforms-field-text-color: rgba(0, 0, 0, 0.7);\n--wpforms-label-color: #cf6f63;\n--wpforms-label-sublabel-color: #cf6f63;\n--wpforms-button-border-radius: 10px;\n--wpforms-button-background-color: #cf6f63;\n--wpforms-container-padding: 0px;\n--wpforms-container-border-width: 1px;\n--wpforms-container-border-radius: 3px;\n--wpforms-background-color: rgba(0, 0, 0, 0);\n--wpforms-field-size-input-height: 43px;\n--wpforms-field-size-input-spacing: 15px;\n--wpforms-field-size-font-size: 16px;\n--wpforms-field-size-line-height: 19px;\n--wpforms-field-size-padding-h: 14px;\n--wpforms-field-size-checkbox-size: 16px;\n--wpforms-field-size-sublabel-spacing: 5px;\n--wpforms-field-size-icon-size: 1;\n--wpforms-label-size-font-size: 14px;\n--wpforms-label-size-line-height: 17px;\n--wpforms-label-size-sublabel-font-size: 13px;\n--wpforms-label-size-sublabel-line-height: 16px;\n--wpforms-button-size-font-size: 14px;\n--wpforms-button-size-height: 37px;\n--wpforms-button-size-padding-h: 15px;\n--wpforms-button-size-margin-top: 5px;\n--wpforms-container-shadow-size-box-shadow: none;\n\t\t\t}\n\t\t\t<\/style><div class=\"wpforms-container wpforms-container-full wpforms-render-modern\" id=\"wpforms-1343\"><form id=\"wpforms-form-1343\" class=\"wpforms-validate wpforms-form wpforms-ajax-form\" data-formid=\"1343\" method=\"post\" enctype=\"multipart\/form-data\" action=\"\/it\/wp-json\/wp\/v2\/pages\/1348\" data-token=\"cbfc7826f0005f58f813983eedda01eb\" data-token-time=\"1777556107\" data-trp-original-action=\"\/it\/wp-json\/wp\/v2\/pages\/1348\"><noscript class=\"wpforms-error-noscript\">Abilita JavaScript nel browser per completare questo modulo.<\/noscript><div id=\"wpforms-error-noscript\" style=\"display: none;\">Abilita JavaScript nel browser per completare questo modulo.<\/div><div class=\"wpforms-field-container\"><div id=\"wpforms-1343-field_1-container\" class=\"wpforms-field wpforms-field-name\" data-field-id=\"1\"><fieldset><legend class=\"wpforms-field-label\">Nom <span class=\"wpforms-required-label\" aria-hidden=\"true\">*<\/span><\/legend><div class=\"wpforms-field-row wpforms-field-medium\"><div class=\"wpforms-field-row-block wpforms-first wpforms-one-half\"><input type=\"text\" id=\"wpforms-1343-field_1\" class=\"wpforms-field-name-first wpforms-field-required\" name=\"wpforms[fields][1][first]\" placeholder=\"Pr\u00e9nom\" aria-errormessage=\"wpforms-1343-field_1-error\" required><label for=\"wpforms-1343-field_1\" class=\"wpforms-field-sublabel after wpforms-sublabel-hide\">Nome<\/label><\/div><div class=\"wpforms-field-row-block wpforms-one-half\"><input type=\"text\" id=\"wpforms-1343-field_1-last\" class=\"wpforms-field-name-last wpforms-field-required\" name=\"wpforms[fields][1][last]\" placeholder=\"Nom de famille\" aria-errormessage=\"wpforms-1343-field_1-last-error\" required><label for=\"wpforms-1343-field_1-last\" class=\"wpforms-field-sublabel after wpforms-sublabel-hide\">Cognome<\/label><\/div><\/div><\/fieldset><\/div>\t\t<div id=\"wpforms-1343-field_5-container\"\n\t\t\tclass=\"wpforms-field wpforms-field-text\"\n\t\t\tdata-field-type=\"text\"\n\t\t\tdata-field-id=\"5\"\n\t\t\t>\n\t\t\t<label class=\"wpforms-field-label\" for=\"wpforms-1343-field_5\" >Date Commentaire Email<\/label>\n\t\t\t<input type=\"text\" id=\"wpforms-1343-field_5\" class=\"wpforms-field-medium\" name=\"wpforms[fields][5]\" >\n\t\t<\/div>\n\t\t<div id=\"wpforms-1343-field_2-container\" class=\"wpforms-field wpforms-field-email\" data-field-id=\"2\"><label class=\"wpforms-field-label\" for=\"wpforms-1343-field_2\">Email <span class=\"wpforms-required-label\" aria-hidden=\"true\">*<\/span><\/label><input type=\"email\" id=\"wpforms-1343-field_2\" class=\"wpforms-field-medium wpforms-field-required\" name=\"wpforms[fields][2]\" spellcheck=\"false\" aria-errormessage=\"wpforms-1343-field_2-error\" required><\/div><div id=\"wpforms-1343-field_8-container\" class=\"wpforms-field wpforms-field-text\" data-field-id=\"8\"><label class=\"wpforms-field-label\" for=\"wpforms-1343-field_8\">T\u00e9l\u00e9phone <span class=\"wpforms-required-label\" aria-hidden=\"true\">*<\/span><\/label><input type=\"text\" id=\"wpforms-1343-field_8\" class=\"wpforms-field-medium wpforms-field-required\" name=\"wpforms[fields][8]\" aria-errormessage=\"wpforms-1343-field_8-error\" required><\/div><div id=\"wpforms-1343-field_3-container\" class=\"wpforms-field wpforms-field-select wpforms-field-select-style-classic\" data-field-id=\"3\"><label class=\"wpforms-field-label\" for=\"wpforms-1343-field_3\">Type d&#039;\u00e9v\u00e8nement <span class=\"wpforms-required-label\" aria-hidden=\"true\">*<\/span><\/label><select id=\"wpforms-1343-field_3\" class=\"wpforms-field-medium wpforms-field-required\" name=\"wpforms[fields][3]\" required=\"required\"><option value=\"\" class=\"placeholder\" disabled selected='selected'>S\u00e9lectionner un option<\/option><option value=\"D\u00e9jeuner\"  class=\"choice-1 depth-1\"  >D\u00e9jeuner<\/option><option value=\"Diner\"  class=\"choice-2 depth-1\"  >Diner<\/option><option value=\"Cocktail d\u00e9jeunatoire\"  class=\"choice-3 depth-1\"  >Cocktail d\u00e9jeunatoire<\/option><option value=\"Cocktail dinatoire\"  class=\"choice-4 depth-1\"  >Cocktail dinatoire<\/option><option value=\"Batlle Top Chef\"  class=\"choice-5 depth-1\"  >Batlle Top Chef<\/option><option value=\"Autres\"  class=\"choice-6 depth-1\"  >Autres<\/option><\/select><\/div><div id=\"wpforms-1343-field_9-container\" class=\"wpforms-field wpforms-field-text\" data-field-id=\"9\"><label class=\"wpforms-field-label\" for=\"wpforms-1343-field_9\">Date<\/label><input type=\"text\" id=\"wpforms-1343-field_9\" class=\"wpforms-field-medium\" name=\"wpforms[fields][9]\" aria-errormessage=\"wpforms-1343-field_9-error\" ><\/div><div id=\"wpforms-1343-field_6-container\" class=\"wpforms-field wpforms-field-number\" data-field-id=\"6\"><label class=\"wpforms-field-label\" for=\"wpforms-1343-field_6\">Nombre de couverts estim\u00e9s <span class=\"wpforms-required-label\" aria-hidden=\"true\">*<\/span><\/label><input type=\"number\" id=\"wpforms-1343-field_6\" class=\"wpforms-field-medium wpforms-field-required\" name=\"wpforms[fields][6]\" step=\"any\" aria-errormessage=\"wpforms-1343-field_6-error\" required><\/div><div id=\"wpforms-1343-field_4-container\" class=\"wpforms-field wpforms-field-textarea\" data-field-id=\"4\"><label class=\"wpforms-field-label\" for=\"wpforms-1343-field_4\">Commentaire (facultatif)<\/label><textarea id=\"wpforms-1343-field_4\" class=\"wpforms-field-medium wpforms-limit-words-enabled\" data-form-id=\"1343\" data-field-id=\"4\" data-text-limit=\"1000\" name=\"wpforms[fields][4]\" aria-errormessage=\"wpforms-1343-field_4-error\" ><\/textarea><\/div><script>\n\t\t\t\t( function() {\n\t\t\t\t\tconst style = document.createElement( 'style' );\n\t\t\t\t\tstyle.appendChild( document.createTextNode( '#wpforms-1343-field_5-container { position: absolute !important; overflow: hidden !important; display: inline !important; height: 1px !important; width: 1px !important; z-index: -1000 !important; padding: 0 !important; } #wpforms-1343-field_5-container input { visibility: hidden; } #wpforms-conversational-form-page #wpforms-1343-field_5-container label { counter-increment: none; }' ) );\n\t\t\t\t\tdocument.head.appendChild( style );\n\t\t\t\t\tdocument.currentScript?.remove();\n\t\t\t\t} )();\n\t\t\t<\/script><\/div><!-- .wpforms-field-container --><div class=\"wpforms-recaptcha-container wpforms-is-recaptcha wpforms-is-recaptcha-type-v3\" ><input type=\"hidden\" name=\"wpforms[recaptcha]\" value=\"\"><\/div><div class=\"wpforms-submit-container\" ><input type=\"hidden\" name=\"wpforms[id]\" value=\"1343\"><input type=\"hidden\" name=\"page_title\" value=\"\"><input type=\"hidden\" name=\"page_url\" value=\"https:\/\/restaurant-ischia.com\/it\/wp-json\/wp\/v2\/pages\/1348\"><input type=\"hidden\" name=\"url_referer\" value=\"\"><button type=\"submit\" name=\"wpforms[submit]\" id=\"wpforms-submit-1343\" class=\"wpforms-submit\" data-alt-text=\"Envoi....\" data-submit-text=\"Envoyer ma demande\" aria-live=\"assertive\" value=\"wpforms-submit\">Envoyer ma demande<\/button><img loading=\"lazy\" decoding=\"async\" src=\"https:\/\/restaurant-ischia.com\/wp-content\/plugins\/wpforms-lite\/assets\/images\/submit-spin.svg\" class=\"wpforms-submit-spinner\" style=\"display: none;\" width=\"26\" height=\"26\" alt=\"Caricamento\"><\/div><input type=\"hidden\" name=\"trp-form-language\" value=\"it\"\/><\/form><\/div>  <!-- .wpforms-container --><\/p>","protected":false},"author":1,"featured_media":0,"parent":0,"menu_order":0,"comment_status":"closed","ping_status":"closed","template":"","meta":{"_et_pb_use_builder":"on","_et_pb_old_content":"","_et_gb_content_width":"","footnotes":""},"class_list":["post-1348","page","type-page","status-publish","hentry"],"_links":{"self":[{"href":"https:\/\/restaurant-ischia.com\/it\/wp-json\/wp\/v2\/pages\/1348","targetHints":{"allow":["GET"]}}],"collection":[{"href":"https:\/\/restaurant-ischia.com\/it\/wp-json\/wp\/v2\/pages"}],"about":[{"href":"https:\/\/restaurant-ischia.com\/it\/wp-json\/wp\/v2\/types\/page"}],"author":[{"embeddable":true,"href":"https:\/\/restaurant-ischia.com\/it\/wp-json\/wp\/v2\/users\/1"}],"replies":[{"embeddable":true,"href":"https:\/\/restaurant-ischia.com\/it\/wp-json\/wp\/v2\/comments?post=1348"}],"version-history":[{"count":15,"href":"https:\/\/restaurant-ischia.com\/it\/wp-json\/wp\/v2\/pages\/1348\/revisions"}],"predecessor-version":[{"id":1400,"href":"https:\/\/restaurant-ischia.com\/it\/wp-json\/wp\/v2\/pages\/1348\/revisions\/1400"}],"wp:attachment":[{"href":"https:\/\/restaurant-ischia.com\/it\/wp-json\/wp\/v2\/media?parent=1348"}],"curies":[{"name":"wp","href":"https:\/\/api.w.org\/{rel}","templated":true}]}}